{"id":8899,"date":"2021-08-07T10:18:49","date_gmt":"2021-08-07T10:18:49","guid":{"rendered":"https:\/\/theroof.cththemes.com\/?page_id=8899"},"modified":"2024-09-17T15:23:03","modified_gmt":"2024-09-17T12:23:03","slug":"faaliyetlerimiz","status":"publish","type":"page","link":"https:\/\/www.bahadirgrup.com.tr\/en\/faaliyetlerimiz\/","title":{"rendered":"Services"},"content":{"rendered":"<div data-elementor-type=\"wp-page\" data-elementor-id=\"8899\" class=\"elementor elementor-8899\" data-elementor-post-type=\"page\">\n\t\t\t\t\t\t<section class=\"elementor-section elementor-top-section elementor-element elementor-element-36ade48f gray-bg small-top_padding stp-bot has-hex elementor-section-boxed elementor-section-height-default elementor-section-height-default\" data-id=\"36ade48f\" data-element_type=\"section\">\n\t\t\t\t\t\t<div class=\"elementor-container elementor-column-gap-extended\">\n\t\t\t\t\t<div class=\"elementor-column elementor-col-66 elementor-top-column elementor-element elementor-element-534d994e\" data-id=\"534d994e\" data-element_type=\"column\">\n\t\t\t<div class=\"elementor-widget-wrap elementor-element-populated\">\n\t\t\t\t\t\t<div class=\"elementor-element elementor-element-ab2ba66 elementor-widget elementor-widget-cthservices\" data-id=\"ab2ba66\" data-element_type=\"widget\" data-widget_type=\"cthservices.default\">\n\t\t\t\t<div class=\"elementor-widget-container\">\n\t\t\t        <div class=\"services-grid-wrap\">\n                        <div class=\"services-grid cthiso-items cthiso-flex cthiso-two-cols cthiso-big-pad\">\n            \n                            <div class=\"cthiso-item\">\n                    <div class=\"det-box\">\n                                                <a href=\"https:\/\/www.bahadirgrup.com.tr\/en\/service\/ust-yapi-insaatlari\/\" class=\"det-box-media\"><span>DETAILS<\/span>\n                            <img fetchpriority=\"high\" decoding=\"async\" width=\"428\" height=\"285\" src=\"https:\/\/www.bahadirgrup.com.tr\/wp-content\/uploads\/2022\/11\/highway-in-inner-mongolia-2022-03-25-04-49-28-utc.jpg\" class=\"respimg wp-post-image\" alt=\"\" \/>                        <\/a>\n                                                <div class=\"det-box-item\">\n                            <h3><a href=\"https:\/\/www.bahadirgrup.com.tr\/en\/service\/ust-yapi-insaatlari\/\">Infrastructure and Transportation Constructions<\/a><\/h3>\n                            <!-- <ul class=\"serv-list list-unstyled d-flex\">\n                                <li>Architecture<\/li>\n                                <li>Design<\/li>\n                                <li>Renovation<\/li>\n                            <\/ul> -->\n                            \n                            <\/p>\n                            <div class=\"d-flex justify-content-between mt-2 align-items-center\">\n                                <a href=\"https:\/\/www.bahadirgrup.com.tr\/en\/service\/ust-yapi-insaatlari\/\" class=\"det-box-link\">Read more<\/a>\n                                <span class=\"serv_number ms-4 ml-4\">01.<\/span>\n                            <\/div>\n                            \n                        <\/div>\n                    <\/div>\n                <\/div>\n                            <div class=\"cthiso-item\">\n                    <div class=\"det-box\">\n                                                <a href=\"https:\/\/www.bahadirgrup.com.tr\/en\/service\/konut-ve-tesis-insaatlari\/\" class=\"det-box-media\"><span>DETAILS<\/span>\n                            <img decoding=\"async\" width=\"427\" height=\"285\" src=\"https:\/\/www.bahadirgrup.com.tr\/wp-content\/uploads\/2022\/12\/construction-site-with-crane-and-building-constru-2022-11-01-04-14-57-utc-1-427x285.jpg\" class=\"respimg wp-post-image\" alt=\"\" srcset=\"https:\/\/www.bahadirgrup.com.tr\/wp-content\/uploads\/2022\/12\/construction-site-with-crane-and-building-constru-2022-11-01-04-14-57-utc-1-427x285.jpg 427w, https:\/\/www.bahadirgrup.com.tr\/wp-content\/uploads\/2022\/12\/construction-site-with-crane-and-building-constru-2022-11-01-04-14-57-utc-1-300x200.jpg 300w, https:\/\/www.bahadirgrup.com.tr\/wp-content\/uploads\/2022\/12\/construction-site-with-crane-and-building-constru-2022-11-01-04-14-57-utc-1-1024x683.jpg 1024w, https:\/\/www.bahadirgrup.com.tr\/wp-content\/uploads\/2022\/12\/construction-site-with-crane-and-building-constru-2022-11-01-04-14-57-utc-1-768x512.jpg 768w, https:\/\/www.bahadirgrup.com.tr\/wp-content\/uploads\/2022\/12\/construction-site-with-crane-and-building-constru-2022-11-01-04-14-57-utc-1-1536x1024.jpg 1536w, https:\/\/www.bahadirgrup.com.tr\/wp-content\/uploads\/2022\/12\/construction-site-with-crane-and-building-constru-2022-11-01-04-14-57-utc-1-822x548.jpg 822w, https:\/\/www.bahadirgrup.com.tr\/wp-content\/uploads\/2022\/12\/construction-site-with-crane-and-building-constru-2022-11-01-04-14-57-utc-1-301x201.jpg 301w, https:\/\/www.bahadirgrup.com.tr\/wp-content\/uploads\/2022\/12\/construction-site-with-crane-and-building-constru-2022-11-01-04-14-57-utc-1-603x402.jpg 603w, https:\/\/www.bahadirgrup.com.tr\/wp-content\/uploads\/2022\/12\/construction-site-with-crane-and-building-constru-2022-11-01-04-14-57-utc-1-525x350.jpg 525w, https:\/\/www.bahadirgrup.com.tr\/wp-content\/uploads\/2022\/12\/construction-site-with-crane-and-building-constru-2022-11-01-04-14-57-utc-1-450x300.jpg 450w, https:\/\/www.bahadirgrup.com.tr\/wp-content\/uploads\/2022\/12\/construction-site-with-crane-and-building-constru-2022-11-01-04-14-57-utc-1-150x100.jpg 150w, https:\/\/www.bahadirgrup.com.tr\/wp-content\/uploads\/2022\/12\/construction-site-with-crane-and-building-constru-2022-11-01-04-14-57-utc-1.jpg 1600w\" sizes=\"(max-width: 427px) 100vw, 427px\" \/>                        <\/a>\n                                                <div class=\"det-box-item\">\n                            <h3><a href=\"https:\/\/www.bahadirgrup.com.tr\/en\/service\/konut-ve-tesis-insaatlari\/\">Housing and Facility Constructions<\/a><\/h3>\n                            <!-- <ul class=\"serv-list list-unstyled d-flex\">\n                                <li>Architecture<\/li>\n                                <li>Design<\/li>\n                                <li>Renovation<\/li>\n                            <\/ul> -->\n                            \n                            <\/p>\n                            <div class=\"d-flex justify-content-between mt-2 align-items-center\">\n                                <a href=\"https:\/\/www.bahadirgrup.com.tr\/en\/service\/konut-ve-tesis-insaatlari\/\" class=\"det-box-link\">Read more<\/a>\n                                <span class=\"serv_number ms-4 ml-4\">02.<\/span>\n                            <\/div>\n                            \n                        <\/div>\n                    <\/div>\n                <\/div>\n                            <div class=\"cthiso-item\">\n                    <div class=\"det-box\">\n                                                <a href=\"https:\/\/www.bahadirgrup.com.tr\/en\/service\/enerji-insaatlari\/\" class=\"det-box-media\"><span>DETAILS<\/span>\n                            <img decoding=\"async\" width=\"428\" height=\"285\" src=\"https:\/\/www.bahadirgrup.com.tr\/wp-content\/uploads\/2023\/03\/1-1-428x285.jpg\" class=\"respimg wp-post-image\" alt=\"\" srcset=\"https:\/\/www.bahadirgrup.com.tr\/wp-content\/uploads\/2023\/03\/1-1-428x285.jpg 428w, https:\/\/www.bahadirgrup.com.tr\/wp-content\/uploads\/2023\/03\/1-1-300x200.jpg 300w, https:\/\/www.bahadirgrup.com.tr\/wp-content\/uploads\/2023\/03\/1-1-768x512.jpg 768w, https:\/\/www.bahadirgrup.com.tr\/wp-content\/uploads\/2023\/03\/1-1-830x553.jpg 830w, https:\/\/www.bahadirgrup.com.tr\/wp-content\/uploads\/2023\/03\/1-1-303x201.jpg 303w, https:\/\/www.bahadirgrup.com.tr\/wp-content\/uploads\/2023\/03\/1-1-603x402.jpg 603w, https:\/\/www.bahadirgrup.com.tr\/wp-content\/uploads\/2023\/03\/1-1-525x350.jpg 525w, https:\/\/www.bahadirgrup.com.tr\/wp-content\/uploads\/2023\/03\/1-1-450x300.jpg 450w, https:\/\/www.bahadirgrup.com.tr\/wp-content\/uploads\/2023\/03\/1-1-822x548.jpg 822w, https:\/\/www.bahadirgrup.com.tr\/wp-content\/uploads\/2023\/03\/1-1-150x100.jpg 150w, https:\/\/www.bahadirgrup.com.tr\/wp-content\/uploads\/2023\/03\/1-1.jpg 900w\" sizes=\"(max-width: 428px) 100vw, 428px\" \/>                        <\/a>\n                                                <div class=\"det-box-item\">\n                            <h3><a href=\"https:\/\/www.bahadirgrup.com.tr\/en\/service\/enerji-insaatlari\/\">Energy Constructions<\/a><\/h3>\n                            <!-- <ul class=\"serv-list list-unstyled d-flex\">\n                                <li>Architecture<\/li>\n                                <li>Design<\/li>\n                                <li>Renovation<\/li>\n                            <\/ul> -->\n                            \n                            <\/p>\n                            <div class=\"d-flex justify-content-between mt-2 align-items-center\">\n                                <a href=\"https:\/\/www.bahadirgrup.com.tr\/en\/service\/enerji-insaatlari\/\" class=\"det-box-link\">Read more<\/a>\n                                <span class=\"serv_number ms-4 ml-4\">03.<\/span>\n                            <\/div>\n                            \n                        <\/div>\n                    <\/div>\n                <\/div>\n                            <div class=\"cthiso-item\">\n                    <div class=\"det-box\">\n                                                <a href=\"https:\/\/www.bahadirgrup.com.tr\/en\/service\/rekreasyon-ve-yesil-alan-insaatlari\/\" class=\"det-box-media\"><span>DETAILS<\/span>\n                            <img loading=\"lazy\" decoding=\"async\" width=\"428\" height=\"285\" src=\"https:\/\/www.bahadirgrup.com.tr\/wp-content\/uploads\/2023\/02\/2-16-428x285.jpg\" class=\"respimg wp-post-image\" alt=\"\" srcset=\"https:\/\/www.bahadirgrup.com.tr\/wp-content\/uploads\/2023\/02\/2-16-428x285.jpg 428w, https:\/\/www.bahadirgrup.com.tr\/wp-content\/uploads\/2023\/02\/2-16-300x200.jpg 300w, https:\/\/www.bahadirgrup.com.tr\/wp-content\/uploads\/2023\/02\/2-16-768x512.jpg 768w, https:\/\/www.bahadirgrup.com.tr\/wp-content\/uploads\/2023\/02\/2-16-830x553.jpg 830w, https:\/\/www.bahadirgrup.com.tr\/wp-content\/uploads\/2023\/02\/2-16-303x201.jpg 303w, https:\/\/www.bahadirgrup.com.tr\/wp-content\/uploads\/2023\/02\/2-16-603x402.jpg 603w, https:\/\/www.bahadirgrup.com.tr\/wp-content\/uploads\/2023\/02\/2-16-525x350.jpg 525w, https:\/\/www.bahadirgrup.com.tr\/wp-content\/uploads\/2023\/02\/2-16-450x300.jpg 450w, https:\/\/www.bahadirgrup.com.tr\/wp-content\/uploads\/2023\/02\/2-16-822x548.jpg 822w, https:\/\/www.bahadirgrup.com.tr\/wp-content\/uploads\/2023\/02\/2-16-150x100.jpg 150w, https:\/\/www.bahadirgrup.com.tr\/wp-content\/uploads\/2023\/02\/2-16.jpg 900w\" sizes=\"(max-width: 428px) 100vw, 428px\" \/>                        <\/a>\n                                                <div class=\"det-box-item\">\n                            <h3><a href=\"https:\/\/www.bahadirgrup.com.tr\/en\/service\/rekreasyon-ve-yesil-alan-insaatlari\/\">Recreation and Green Space Constructions<\/a><\/h3>\n                            <!-- <ul class=\"serv-list list-unstyled d-flex\">\n                                <li>Architecture<\/li>\n                                <li>Design<\/li>\n                                <li>Renovation<\/li>\n                            <\/ul> -->\n                            \n                            <\/p>\n                            <div class=\"d-flex justify-content-between mt-2 align-items-center\">\n                                <a href=\"https:\/\/www.bahadirgrup.com.tr\/en\/service\/rekreasyon-ve-yesil-alan-insaatlari\/\" class=\"det-box-link\">Read more<\/a>\n                                <span class=\"serv_number ms-4 ml-4\">04.<\/span>\n                            <\/div>\n                            \n                        <\/div>\n                    <\/div>\n                <\/div>\n                            <div class=\"cthiso-item\">\n                    <div class=\"det-box\">\n                                                <a href=\"https:\/\/www.bahadirgrup.com.tr\/en\/service\/madencilik\/\" class=\"det-box-media\"><span>DETAILS<\/span>\n                            <img loading=\"lazy\" decoding=\"async\" width=\"428\" height=\"285\" src=\"https:\/\/www.bahadirgrup.com.tr\/wp-content\/uploads\/2016\/02\/son-428x285.png\" class=\"respimg wp-post-image\" alt=\"\" srcset=\"https:\/\/www.bahadirgrup.com.tr\/wp-content\/uploads\/2016\/02\/son-428x285.png 428w, https:\/\/www.bahadirgrup.com.tr\/wp-content\/uploads\/2016\/02\/son-300x200.png 300w, https:\/\/www.bahadirgrup.com.tr\/wp-content\/uploads\/2016\/02\/son-768x512.png 768w, https:\/\/www.bahadirgrup.com.tr\/wp-content\/uploads\/2016\/02\/son-830x553.png 830w, https:\/\/www.bahadirgrup.com.tr\/wp-content\/uploads\/2016\/02\/son-303x201.png 303w, https:\/\/www.bahadirgrup.com.tr\/wp-content\/uploads\/2016\/02\/son-603x402.png 603w, https:\/\/www.bahadirgrup.com.tr\/wp-content\/uploads\/2016\/02\/son-525x350.png 525w, https:\/\/www.bahadirgrup.com.tr\/wp-content\/uploads\/2016\/02\/son-450x300.png 450w, https:\/\/www.bahadirgrup.com.tr\/wp-content\/uploads\/2016\/02\/son-822x548.png 822w, https:\/\/www.bahadirgrup.com.tr\/wp-content\/uploads\/2016\/02\/son-150x100.png 150w, https:\/\/www.bahadirgrup.com.tr\/wp-content\/uploads\/2016\/02\/son.png 900w\" sizes=\"(max-width: 428px) 100vw, 428px\" \/>                        <\/a>\n                                                <div class=\"det-box-item\">\n                            <h3><a href=\"https:\/\/www.bahadirgrup.com.tr\/en\/service\/madencilik\/\">Mining<\/a><\/h3>\n                            <!-- <ul class=\"serv-list list-unstyled d-flex\">\n                                <li>Architecture<\/li>\n                                <li>Design<\/li>\n                                <li>Renovation<\/li>\n                            <\/ul> -->\n                            \n                            <\/p>\n                            <div class=\"d-flex justify-content-between mt-2 align-items-center\">\n                                <a href=\"https:\/\/www.bahadirgrup.com.tr\/en\/service\/madencilik\/\" class=\"det-box-link\">Read more<\/a>\n                                <span class=\"serv_number ms-4 ml-4\">05.<\/span>\n                            <\/div>\n                            \n                        <\/div>\n                    <\/div>\n                <\/div>\n            \n            <\/div>\n\n                    <\/div>\n        \t\t<\/div>\n\t\t\t\t<\/div>\n\t\t\t\t\t<\/div>\n\t\t<\/div>\n\t\t\t\t<div class=\"elementor-column elementor-col-33 elementor-top-column elementor-element elementor-element-48516d7a\" data-id=\"48516d7a\" data-element_type=\"column\">\n\t\t\t<div class=\"elementor-widget-wrap elementor-element-populated\">\n\t\t\t\t\t\t<div class=\"elementor-element elementor-element-39061ce elementor-widget elementor-widget-service_nav\" data-id=\"39061ce\" data-element_type=\"widget\" data-widget_type=\"service_nav.default\">\n\t\t\t\t<div class=\"elementor-widget-container\">\n\t\t\t\t\t<ul class=\"serv-nav ps-0 pl-0 mb-10\">\n            <li><a href=\"https:\/\/www.bahadirgrup.com.tr\/faaliyetlerimiz\/\"  class=\"\">All Services<\/a><\/li>\t\t            \n            <li><a href=\"https:\/\/www.bahadirgrup.com.tr\/en\/service\/ust-yapi-insaatlari\/\" class=\"\">Infrastructure and Transportation Constructions<\/a><\/li>\n\t\t            \n            <li><a href=\"https:\/\/www.bahadirgrup.com.tr\/en\/service\/konut-ve-tesis-insaatlari\/\" class=\"\">Housing and Facility Constructions<\/a><\/li>\n\t\t            \n            <li><a href=\"https:\/\/www.bahadirgrup.com.tr\/en\/service\/enerji-insaatlari\/\" class=\"\">Energy Constructions<\/a><\/li>\n\t\t            \n            <li><a href=\"https:\/\/www.bahadirgrup.com.tr\/en\/service\/rekreasyon-ve-yesil-alan-insaatlari\/\" class=\"\">Recreation and Green Space Constructions<\/a><\/li>\n\t\t            \n            <li><a href=\"https:\/\/www.bahadirgrup.com.tr\/en\/service\/madencilik\/\" class=\"\">Mining<\/a><\/li>\n\t\t\t\t<\/ul>\n\t\t        \t\t<\/div>\n\t\t\t\t<\/div>\n\t\t\t\t\t<\/div>\n\t\t<\/div>\n\t\t\t\t\t<\/div>\n\t\t<\/section>\n\t\t\t\t<\/div>","protected":false},"excerpt":{"rendered":"<p>DETAYLAR Konut ve Tesis \u0130n\u015faatlar\u0131 Devam\u0131n\u0131 Oku 01. DETAYLAR Enerji \u0130n\u015faatlar\u0131 Devam\u0131n\u0131 Oku 02. DETAYLAR Rekreasyon ve Ye\u015fil Alan \u0130n\u015faatlar\u0131 Devam\u0131n\u0131 Oku 03. DETAYLAR Alt Yap\u0131 ve Ula\u015f\u0131m \u0130n\u015faatlar\u0131 Devam\u0131n\u0131 Oku 04. DETAYLAR Madencilik Devam\u0131n\u0131 Oku 05. B\u00fct\u00fcn Faaliyetler Konut ve Tesis \u0130n\u015faatlar\u0131 Enerji \u0130n\u015faatlar\u0131 Rekreasyon ve Ye\u015fil Alan \u0130n\u015faatlar\u0131 Alt Yap\u0131 ve Ula\u015f\u0131m \u0130n\u015faatlar\u0131 Madencilik<\/p>","protected":false},"author":1,"featured_media":0,"parent":0,"menu_order":0,"comment_status":"closed","ping_status":"closed","template":"page-full.php","meta":{"footnotes":""},"class_list":["post-8899","page","type-page","status-publish","hentry"],"aioseo_notices":[],"_links":{"self":[{"href":"https:\/\/www.bahadirgrup.com.tr\/en\/wp-json\/wp\/v2\/pages\/8899","targetHints":{"allow":["GET"]}}],"collection":[{"href":"https:\/\/www.bahadirgrup.com.tr\/en\/wp-json\/wp\/v2\/pages"}],"about":[{"href":"https:\/\/www.bahadirgrup.com.tr\/en\/wp-json\/wp\/v2\/types\/page"}],"author":[{"embeddable":true,"href":"https:\/\/www.bahadirgrup.com.tr\/en\/wp-json\/wp\/v2\/users\/1"}],"replies":[{"embeddable":true,"href":"https:\/\/www.bahadirgrup.com.tr\/en\/wp-json\/wp\/v2\/comments?post=8899"}],"version-history":[{"count":0,"href":"https:\/\/www.bahadirgrup.com.tr\/en\/wp-json\/wp\/v2\/pages\/8899\/revisions"}],"wp:attachment":[{"href":"https:\/\/www.bahadirgrup.com.tr\/en\/wp-json\/wp\/v2\/media?parent=8899"}],"curies":[{"name":"wp","href":"https:\/\/api.w.org\/{rel}","templated":true}]}}