{"id":8461,"date":"2016-10-13T09:35:46","date_gmt":"2016-10-13T07:35:46","guid":{"rendered":"http:\/\/demowp.cththemes.net\/diopter\/?page_id=531"},"modified":"2025-03-20T15:50:41","modified_gmt":"2025-03-20T12:50:41","slug":"kurumsal","status":"publish","type":"page","link":"https:\/\/www.bahadirgrup.com.tr\/en\/kurumsal\/","title":{"rendered":"Our Company"},"content":{"rendered":"<div data-elementor-type=\"wp-post\" data-elementor-id=\"8461\" class=\"elementor elementor-8461\" data-elementor-post-type=\"page\">\n\t\t\t\t\t\t<section class=\"elementor-section elementor-top-section elementor-element elementor-element-46cd3fc elementor-section-stretched sec-padding elementor-section-boxed elementor-section-height-default elementor-section-height-default\" data-id=\"46cd3fc\" data-element_type=\"section\" data-settings=\"{&quot;stretch_section&quot;:&quot;section-stretched&quot;,&quot;background_background&quot;:&quot;classic&quot;}\">\n\t\t\t\t\t\t<div class=\"elementor-container elementor-column-gap-wide\">\n\t\t\t\t\t<div class=\"elementor-column elementor-col-33 elementor-top-column elementor-element elementor-element-acc9267\" data-id=\"acc9267\" data-element_type=\"column\">\n\t\t\t<div class=\"elementor-widget-wrap\">\n\t\t\t\t\t\t\t<\/div>\n\t\t<\/div>\n\t\t\t\t<div class=\"elementor-column elementor-col-33 elementor-top-column elementor-element elementor-element-8141bba\" data-id=\"8141bba\" data-element_type=\"column\">\n\t\t\t<div class=\"elementor-widget-wrap elementor-element-populated\">\n\t\t\t\t\t\t<div class=\"elementor-element elementor-element-a26d9f7 elementor-widget elementor-widget-section_title\" data-id=\"a26d9f7\" data-element_type=\"widget\" data-widget_type=\"section_title.default\">\n\t\t\t\t<div class=\"elementor-widget-container\">\n\t\t\t        <div class=\"section-title st-left st-st1\">\n                    <h2 class=\"sec-title\"><span>About Us<\/span><\/h2>                    <\/div>\n        \t\t<\/div>\n\t\t\t\t<\/div>\n\t\t\t\t<div class=\"elementor-element elementor-element-136e4e6 elementor-widget elementor-widget-text-editor\" data-id=\"136e4e6\" data-element_type=\"widget\" data-widget_type=\"text-editor.default\">\n\t\t\t\t<div class=\"elementor-widget-container\">\n\t\t\t<style>\/*! elementor - v3.20.0 - 10-04-2024 *\/\n.elementor-widget-text-editor.elementor-drop-cap-view-stacked .elementor-drop-cap{background-color:#69727d;color:#fff}.elementor-widget-text-editor.elementor-drop-cap-view-framed .elementor-drop-cap{color:#69727d;border:3px solid;background-color:transparent}.elementor-widget-text-editor:not(.elementor-drop-cap-view-default) .elementor-drop-cap{margin-top:8px}.elementor-widget-text-editor:not(.elementor-drop-cap-view-default) .elementor-drop-cap-letter{width:1em;height:1em}.elementor-widget-text-editor .elementor-drop-cap{float:left;text-align:center;line-height:1;font-size:50px}.elementor-widget-text-editor .elementor-drop-cap-letter{display:inline-block}<\/style>\t\t\t\t<p>Since 1981, guided by our principles and experience, we have been building trust and stability, adding value to the employment and development of our country. Our group, which started with mining operations, has now reached its 44th year, continuing its services in the fields of transportation, infrastructure, energy, housing, and mining as Bahad\u0131r Group of Companies.<\/p><p>Bahad\u0131r Group of Companies, with the accumulation of knowledge and experience it has gained over the years, continues to contribute to the national economy and employment. With a leadership-driven, innovative, and human- and environment-centered approach, it prioritizes the expectations of its stakeholders and creates added value with a system of work that is honest, principled, and trustworthy.<\/p><p>Our group, with its specialized, experienced, and innovation-oriented team, continues its path successfully, aiming to become one of the most recognized and preferred leading companies in Turkey and the world.<\/p><p>In all the sectors it operates in, Bahad\u0131r Group of Companies distinguishes itself with a leadership mindset, creating a difference with an original, principled, and innovative perspective both nationally and internationally.<\/p>\t\t\t\t\t\t<\/div>\n\t\t\t\t<\/div>\n\t\t\t\t\t<\/div>\n\t\t<\/div>\n\t\t\t\t<div class=\"elementor-column elementor-col-33 elementor-top-column elementor-element elementor-element-8aa8e70\" data-id=\"8aa8e70\" data-element_type=\"column\">\n\t\t\t<div class=\"elementor-widget-wrap\">\n\t\t\t\t\t\t\t<\/div>\n\t\t<\/div>\n\t\t\t\t\t<\/div>\n\t\t<\/section>\n\t\t\t\t<section class=\"elementor-section elementor-top-section elementor-element elementor-element-347edc6 gray-bg small-padding has-hex has-hex2 elementor-section-boxed elementor-section-height-default elementor-section-height-default\" data-id=\"347edc6\" data-element_type=\"section\" data-settings=\"{&quot;background_background&quot;:&quot;classic&quot;}\">\n\t\t\t\t\t\t\t<div class=\"elementor-background-overlay\"><\/div>\n\t\t\t\t\t\t\t<div class=\"elementor-container elementor-column-gap-default\">\n\t\t\t\t\t<div class=\"elementor-column elementor-col-33 elementor-top-column elementor-element elementor-element-4a3125c\" data-id=\"4a3125c\" data-element_type=\"column\">\n\t\t\t<div class=\"elementor-widget-wrap elementor-element-populated\">\n\t\t\t\t\t\t<div class=\"elementor-element elementor-element-5696e5c elementor-widget elementor-widget-feature_box\" data-id=\"5696e5c\" data-element_type=\"widget\" data-widget_type=\"feature_box.default\">\n\t\t\t\t<div class=\"elementor-widget-container\">\n\t\t\t  \n        <!--services-box --> \n        <div class=\"card-item sty2\">\n            <i class=\"fad fa-wind-turbine\"><\/i>            <span class=\"card-item_num\">01<\/span>\n            <h4 class=\"service-title\"><p>Our Vision<p><\/h4>            <div class=\"card-desc\"><p>Our group aims to become a recognized and preferred company in both national and international markets across the sectors in which it operates. Additionally, our group of companies has adopted the fundamental principle of continuing its efforts with all its strength for an ideal future that is sensitive to people, society, and the environment, while maintaining sustainability for its employees and stakeholders.<br><\/p>\n<\/p><br>\n<\/div>\n            <div class=\"clearfix\"><\/div>\n        <\/div>\n        \n        <!-- services-box end  -->      \n        \t\t<\/div>\n\t\t\t\t<\/div>\n\t\t\t\t\t<\/div>\n\t\t<\/div>\n\t\t\t\t<div class=\"elementor-column elementor-col-33 elementor-top-column elementor-element elementor-element-00c9899\" data-id=\"00c9899\" data-element_type=\"column\">\n\t\t\t<div class=\"elementor-widget-wrap elementor-element-populated\">\n\t\t\t\t\t\t<div class=\"elementor-element elementor-element-b034eea elementor-widget elementor-widget-feature_box\" data-id=\"b034eea\" data-element_type=\"widget\" data-widget_type=\"feature_box.default\">\n\t\t\t\t<div class=\"elementor-widget-container\">\n\t\t\t  \n        <!--services-box --> \n        <div class=\"card-item sty2\">\n            <i class=\"fal fa-microchip\"><\/i>            <span class=\"card-item_num\">02<\/span>\n            <h4 class=\"service-title\"><p>Our Mission<\/p><\/h4>            <div class=\"card-desc\"><p>Bahad\u0131r Group of Companies aims to be a reliable and enduring brand by adopting a management approach that prioritizes the development and employment of our country through the projects it undertakes in the construction, infrastructure, energy, housing, and mining sectors. Our group is committed to ensuring stakeholder satisfaction while closely following and leading quality and technological advancements.<br><br><\/p><\/div>\n            <div class=\"clearfix\"><\/div>\n        <\/div>\n        \n        <!-- services-box end  -->      \n        \t\t<\/div>\n\t\t\t\t<\/div>\n\t\t\t\t\t<\/div>\n\t\t<\/div>\n\t\t\t\t<div class=\"elementor-column elementor-col-33 elementor-top-column elementor-element elementor-element-4000a18\" data-id=\"4000a18\" data-element_type=\"column\">\n\t\t\t<div class=\"elementor-widget-wrap elementor-element-populated\">\n\t\t\t\t\t\t<div class=\"elementor-element elementor-element-7a114a7 elementor-widget elementor-widget-feature_box\" data-id=\"7a114a7\" data-element_type=\"widget\" data-widget_type=\"feature_box.default\">\n\t\t\t\t<div class=\"elementor-widget-container\">\n\t\t\t  \n        <!--services-box --> \n        <div class=\"card-item sty1\">\n            <i class=\"fal fa-tools\"><\/i>            <span class=\"card-item_num\">03<\/span>\n            <h4 class=\"service-title\"><p>Our Values<\/p><\/h4>            <div class=\"card-desc\"><p>Moral and Ethical Understanding<br>\nOccupational Health and Safety<br>\nInnovative and continuous development<br>\nWorking with team spirit<br>\nContinuity in quality approach<br>\nSensitivity to environmental impacts<br>\nUnderstanding of social responsibility<br>\nSustainability<br>\nCreative perspective and leadership approach<br><br><br><br>\n\n<\/p>\n<\/div>\n            <div class=\"clearfix\"><\/div>\n        <\/div>\n        \n        <!-- services-box end  -->      \n        \t\t<\/div>\n\t\t\t\t<\/div>\n\t\t\t\t\t<\/div>\n\t\t<\/div>\n\t\t\t\t\t<\/div>\n\t\t<\/section>\n\t\t\t\t<section class=\"elementor-section elementor-top-section elementor-element elementor-element-3b399c5 elementor-section-stretched small-padding white-bg elementor-section-boxed elementor-section-height-default elementor-section-height-default\" data-id=\"3b399c5\" data-element_type=\"section\" data-settings=\"{&quot;stretch_section&quot;:&quot;section-stretched&quot;}\">\n\t\t\t\t\t\t<div class=\"elementor-container elementor-column-gap-default\">\n\t\t\t\t\t<div class=\"elementor-column elementor-col-100 elementor-top-column elementor-element elementor-element-2293e05\" data-id=\"2293e05\" data-element_type=\"column\">\n\t\t\t<div class=\"elementor-widget-wrap elementor-element-populated\">\n\t\t\t\t\t\t<div class=\"elementor-element elementor-element-54dc92c elementor-widget elementor-widget-section_title\" data-id=\"54dc92c\" data-element_type=\"widget\" data-widget_type=\"section_title.default\">\n\t\t\t\t<div class=\"elementor-widget-container\">\n\t\t\t        <div class=\"section-title st-left st-st1\">\n                    <h2 class=\"sec-title\"><span>Bahad\u0131r Group of Companies<\/span><\/h2>                    <\/div>\n        \t\t<\/div>\n\t\t\t\t<\/div>\n\t\t\t\t<div class=\"elementor-element elementor-element-85b91b9 elementor-skin-carousel elementor-arrows-yes elementor-widget elementor-widget-media-carousel\" data-id=\"85b91b9\" data-element_type=\"widget\" data-settings=\"{&quot;slides_per_view&quot;:&quot;5&quot;,&quot;slides_to_scroll&quot;:&quot;1&quot;,&quot;skin&quot;:&quot;carousel&quot;,&quot;effect&quot;:&quot;slide&quot;,&quot;show_arrows&quot;:&quot;yes&quot;,&quot;speed&quot;:500,&quot;autoplay&quot;:&quot;yes&quot;,&quot;autoplay_speed&quot;:5000,&quot;loop&quot;:&quot;yes&quot;,&quot;pause_on_hover&quot;:&quot;yes&quot;,&quot;pause_on_interaction&quot;:&quot;yes&quot;,&quot;space_between&quot;:{&quot;unit&quot;:&quot;px&quot;,&quot;size&quot;:10,&quot;sizes&quot;:[]},&quot;space_between_tablet&quot;:{&quot;unit&quot;:&quot;px&quot;,&quot;size&quot;:10,&quot;sizes&quot;:[]},&quot;space_between_mobile&quot;:{&quot;unit&quot;:&quot;px&quot;,&quot;size&quot;:10,&quot;sizes&quot;:[]}}\" data-widget_type=\"media-carousel.default\">\n\t\t\t\t<div class=\"elementor-widget-container\">\n\t\t\t<link rel=\"stylesheet\" href=\"https:\/\/www.bahadirgrup.com.tr\/wp-content\/plugins\/elementor-pro\/assets\/css\/widget-carousel.min.css\">\t\t<div class=\"elementor-swiper\">\n\t\t\t<div class=\"elementor-main-swiper swiper\">\n\t\t\t\t<div class=\"swiper-wrapper\">\n\t\t\t\t\t\t\t\t\t\t\t<div class=\"swiper-slide\">\n\t\t\t\t\t\t\t\t\t<div class=\"elementor-carousel-image\" role=\"img\" aria-label=\"1\" style=\"background-image: url(&#039;https:\/\/www.bahadirgrup.com.tr\/wp-content\/uploads\/2022\/12\/1.png&#039;)\">\n\n\t\t\t\n\t\t\t\t\t<\/div>\n\t\t\t\t\t\t\t\t<\/div>\n\t\t\t\t\t\t\t\t\t\t\t<div class=\"swiper-slide\">\n\t\t\t\t\t\t\t\t\t<div class=\"elementor-carousel-image\" role=\"img\" aria-label=\"2\" style=\"background-image: url(&#039;https:\/\/www.bahadirgrup.com.tr\/wp-content\/uploads\/2022\/12\/2.png&#039;)\">\n\n\t\t\t\n\t\t\t\t\t<\/div>\n\t\t\t\t\t\t\t\t<\/div>\n\t\t\t\t\t\t\t\t\t\t\t<div class=\"swiper-slide\">\n\t\t\t\t\t\t\t\t\t<div class=\"elementor-carousel-image\" role=\"img\" aria-label=\"3\" style=\"background-image: url(&#039;https:\/\/www.bahadirgrup.com.tr\/wp-content\/uploads\/2022\/12\/3.png&#039;)\">\n\n\t\t\t\n\t\t\t\t\t<\/div>\n\t\t\t\t\t\t\t\t<\/div>\n\t\t\t\t\t\t\t\t\t\t\t<div class=\"swiper-slide\">\n\t\t\t\t\t\t\t\t\t<div class=\"elementor-carousel-image\" role=\"img\" aria-label=\"4\" style=\"background-image: url(&#039;https:\/\/www.bahadirgrup.com.tr\/wp-content\/uploads\/2022\/12\/4.png&#039;)\">\n\n\t\t\t\n\t\t\t\t\t<\/div>\n\t\t\t\t\t\t\t\t<\/div>\n\t\t\t\t\t\t\t\t\t\t\t<div class=\"swiper-slide\">\n\t\t\t\t\t\t\t\t\t<div class=\"elementor-carousel-image\" role=\"img\" aria-label=\"5\" style=\"background-image: url(&#039;https:\/\/www.bahadirgrup.com.tr\/wp-content\/uploads\/2022\/12\/5.png&#039;)\">\n\n\t\t\t\n\t\t\t\t\t<\/div>\n\t\t\t\t\t\t\t\t<\/div>\n\t\t\t\t\t\t\t\t\t<\/div>\n\t\t\t\t\t\t\t\t\t\t\t\t\t\t\t\t\t\t\t\t<div class=\"elementor-swiper-button elementor-swiper-button-prev\" role=\"button\" tabindex=\"0\">\n\t\t\t\t\t\t\t<i aria-hidden=\"true\" class=\"eicon-chevron-left\"><\/i>\t\t\t\t\t\t\t<span class=\"elementor-screen-only\">Previous<\/span>\n\t\t\t\t\t\t<\/div>\n\t\t\t\t\t\t<div class=\"elementor-swiper-button elementor-swiper-button-next\" role=\"button\" tabindex=\"0\">\n\t\t\t\t\t\t\t<i aria-hidden=\"true\" class=\"eicon-chevron-right\"><\/i>\t\t\t\t\t\t\t<span class=\"elementor-screen-only\">Next<\/span>\n\t\t\t\t\t\t<\/div>\n\t\t\t\t\t\t\t\t\t\t\t\t<\/div>\n\t\t<\/div>\n\t\t\t\t<\/div>\n\t\t\t\t<\/div>\n\t\t\t\t\t<\/div>\n\t\t<\/div>\n\t\t\t\t\t<\/div>\n\t\t<\/section>\n\t\t\t\t<\/div>","protected":false},"excerpt":{"rendered":"<p>Hakk\u0131m\u0131zda 1981 y\u0131l\u0131ndan bu yana; ilke ve tecr\u00fcbelerimiz \u0131\u015f\u0131\u011f\u0131nda, \u00fclkemizin istihdam ve kalk\u0131nmas\u0131na sa\u011flad\u0131\u011f\u0131m\u0131z katma de\u011ferimizle, ba\u015fta g\u00fcven ve istikrar in\u015fa ediyoruz. G\u00fc\u00e7l\u00fc ad\u0131mlarla 44. y\u0131l\u0131m\u0131za ula\u015ft\u0131\u011f\u0131m\u0131z yolumuza, maden i\u015fletmecili\u011fi faaliyetleri ile ba\u015flayan grubumuz, bug\u00fcn ula\u015f\u0131m, altyap\u0131,\u00a0enerji,\u00a0konut, madencilik sekt\u00f6rlerinde hizmetlerine Bahad\u0131r \u015eirketler Grubu olarak devam etmektedir. Bahad\u0131r \u015eirketler Grubu bug\u00fcne kadar edindi\u011fi birikim ve tecr\u00fcbeleriyle \u00fclke ekonomisine ve istihdama katk\u0131 sa\u011flamaya; lider, yenilik\u00e7i, insana ve \u00e7evreye duyarl\u0131 bir anlay\u0131\u015fla payda\u015flar\u0131n\u0131n beklentilerini \u00f6n planda tutarak; d\u00fcr\u00fcst, ilkeli ve g\u00fcvenilir \u00e7al\u0131\u015fma sistemi ile katma de\u011fer yaratmay\u0131 temel ilke edinmi\u015ftir. Grubumuz i\u015finde, uzman, deneyimli ve yenili\u011fe a\u00e7\u0131k kadrosuyla, \u00fclkemizde ve d\u00fcnyada tan\u0131nan ve tercih edilen lider firmalar\u0131ndan biri olmak hedefiyle yoluna ba\u015far\u0131yla devam etmektedir. Bahad\u0131r \u015eirketler Grubu, faaliyet g\u00f6sterdi\u011fi t\u00fcm sekt\u00f6rlerde, ulusal ve uluslararas\u0131 alanda lider anlay\u0131\u015fla; \u00f6zg\u00fcn, ilkeli ve yenilik\u00e7i bak\u0131\u015f a\u00e7\u0131s\u0131yla fark yaratmaktad\u0131r. 01 Vizyonumuz Grubumuz faaliyet g\u00f6sterdi\u011fi sekt\u00f6rlerde ulusal ve uluslararas\u0131 alanda tan\u0131nan ve tercih edilen bir \u015firket olmay\u0131 hedeflemektedir. [&hellip;]<\/p>","protected":false},"author":1,"featured_media":0,"parent":0,"menu_order":0,"comment_status":"closed","ping_status":"closed","template":"page-full.php","meta":{"footnotes":""},"class_list":["post-8461","page","type-page","status-publish","hentry"],"aioseo_notices":[],"_links":{"self":[{"href":"https:\/\/www.bahadirgrup.com.tr\/en\/wp-json\/wp\/v2\/pages\/8461","targetHints":{"allow":["GET"]}}],"collection":[{"href":"https:\/\/www.bahadirgrup.com.tr\/en\/wp-json\/wp\/v2\/pages"}],"about":[{"href":"https:\/\/www.bahadirgrup.com.tr\/en\/wp-json\/wp\/v2\/types\/page"}],"author":[{"embeddable":true,"href":"https:\/\/www.bahadirgrup.com.tr\/en\/wp-json\/wp\/v2\/users\/1"}],"replies":[{"embeddable":true,"href":"https:\/\/www.bahadirgrup.com.tr\/en\/wp-json\/wp\/v2\/comments?post=8461"}],"version-history":[{"count":6,"href":"https:\/\/www.bahadirgrup.com.tr\/en\/wp-json\/wp\/v2\/pages\/8461\/revisions"}],"predecessor-version":[{"id":14201,"href":"https:\/\/www.bahadirgrup.com.tr\/en\/wp-json\/wp\/v2\/pages\/8461\/revisions\/14201"}],"wp:attachment":[{"href":"https:\/\/www.bahadirgrup.com.tr\/en\/wp-json\/wp\/v2\/media?parent=8461"}],"curies":[{"name":"wp","href":"https:\/\/api.w.org\/{rel}","templated":true}]}}