{"id":8459,"date":"2016-10-06T03:56:06","date_gmt":"2016-10-06T03:56:06","guid":{"rendered":"http:\/\/demowp.cththemes.net\/diopter\/?page_id=294"},"modified":"2026-03-11T10:34:42","modified_gmt":"2026-03-11T07:34:42","slug":"iletisim","status":"publish","type":"page","link":"https:\/\/www.bahadirgrup.com.tr\/en\/iletisim\/","title":{"rendered":"Contact"},"content":{"rendered":"<div data-elementor-type=\"wp-post\" data-elementor-id=\"8459\" class=\"elementor elementor-8459\" data-elementor-post-type=\"page\">\n\t\t\t\t\t\t<section class=\"elementor-section elementor-top-section elementor-element elementor-element-627c199 gray-bg has-hex pt-50 elementor-section-boxed elementor-section-height-default elementor-section-height-default\" data-id=\"627c199\" data-element_type=\"section\">\n\t\t\t\t\t\t<div class=\"elementor-container elementor-column-gap-default\">\n\t\t\t\t\t<div class=\"elementor-column elementor-col-33 elementor-top-column elementor-element elementor-element-1d4099f\" data-id=\"1d4099f\" data-element_type=\"column\">\n\t\t\t<div class=\"elementor-widget-wrap elementor-element-populated\">\n\t\t\t\t\t\t<div class=\"elementor-element elementor-element-5fc80c1 elementor-widget elementor-widget-feature_box\" data-id=\"5fc80c1\" data-element_type=\"widget\" data-widget_type=\"feature_box.default\">\n\t\t\t\t<div class=\"elementor-widget-container\">\n\t\t\t  \n        <!--services-box --> \n        <div class=\"card-item sty1\">\n            <i class=\"fal fa-envelope\"><\/i>            <span class=\"card-item_num\">01<\/span>\n            <h4 class=\"service-title\"><p>E-mail<\/p><\/h4>            <div class=\"card-desc\"><p\n<a href=\"info@bahadirgrup.com.tr\" class=\"serv-link sl-b\">info@bahadirgrup.com.tr<\/a> <br><p\n<a href=\"mailto:info@bahadirsirketlergrubu.com\" class=\"serv-link sl-b\">info@bahadirsirketlergrubu.com<\/a> <\/div>\n            <div class=\"clearfix\"><\/div>\n        <\/div>\n        \n        <!-- services-box end  -->      \n        \t\t<\/div>\n\t\t\t\t<\/div>\n\t\t\t\t\t<\/div>\n\t\t<\/div>\n\t\t\t\t<div class=\"elementor-column elementor-col-33 elementor-top-column elementor-element elementor-element-8f43a90\" data-id=\"8f43a90\" data-element_type=\"column\">\n\t\t\t<div class=\"elementor-widget-wrap elementor-element-populated\">\n\t\t\t\t\t\t<div class=\"elementor-element elementor-element-d788fa5 elementor-widget elementor-widget-feature_box\" data-id=\"d788fa5\" data-element_type=\"widget\" data-widget_type=\"feature_box.default\">\n\t\t\t\t<div class=\"elementor-widget-container\">\n\t\t\t  \n        <!--services-box --> \n        <div class=\"card-item sty1\">\n            <i class=\"fal fa-map-marked\"><\/i>            <span class=\"card-item_num\">03<\/span>\n            <h4 class=\"service-title\"><p>Address<\/p><\/h4>            <div class=\"card-desc\"><p\n<a href=\"https:\/\/goo.gl\/maps\/F2syLNbTVwZnc6m4A\">Ahlatl\u0131bel Neighborhood, 1824 Avenue, 1907\/1 Street, No: 20, 06805 \u0130ncek\/\u00c7ankaya\/Ankara - Turkey<\/a><\/div>\n            <div class=\"clearfix\"><\/div>\n        <\/div>\n        \n        <!-- services-box end  -->      \n        \t\t<\/div>\n\t\t\t\t<\/div>\n\t\t\t\t\t<\/div>\n\t\t<\/div>\n\t\t\t\t<div class=\"elementor-column elementor-col-33 elementor-top-column elementor-element elementor-element-68855fe\" data-id=\"68855fe\" data-element_type=\"column\">\n\t\t\t<div class=\"elementor-widget-wrap elementor-element-populated\">\n\t\t\t\t\t\t<div class=\"elementor-element elementor-element-f06c5e1 elementor-widget elementor-widget-feature_box\" data-id=\"f06c5e1\" data-element_type=\"widget\" data-widget_type=\"feature_box.default\">\n\t\t\t\t<div class=\"elementor-widget-container\">\n\t\t\t  \n        <!--services-box --> \n        <div class=\"card-item sty1\">\n            <i class=\"fal fa-phone-rotary\"><\/i>            <span class=\"card-item_num\">02<\/span>\n            <h4 class=\"service-title\"><p>Phone<\/p><\/h4>            <div class=\"card-desc\"><p\n<a href=\"tel:03124914950\" class=\"serv-link sl-b\">tel: 0 (312) 491 4950<\/a> <br>\n<p<a href=\"tel:03124914960\" class=\"serv-link sl-b\">fax: 0 (312) 491 4960<\/a> <br><\/br>\n<\/div>\n            <div class=\"clearfix\"><\/div>\n        <\/div>\n        \n        <!-- services-box end  -->      \n        \t\t<\/div>\n\t\t\t\t<\/div>\n\t\t\t\t\t<\/div>\n\t\t<\/div>\n\t\t\t\t\t<\/div>\n\t\t<\/section>\n\t\t\t\t<section class=\"elementor-section elementor-top-section elementor-element elementor-element-934878d gray-bg pad-top-0 pad-bot-0 elementor-section-boxed elementor-section-height-default elementor-section-height-default\" data-id=\"934878d\" data-element_type=\"section\">\n\t\t\t\t\t\t<div class=\"elementor-container elementor-column-gap-default\">\n\t\t\t\t\t<div class=\"elementor-column elementor-col-50 elementor-top-column elementor-element elementor-element-9ce82f2\" data-id=\"9ce82f2\" data-element_type=\"column\">\n\t\t\t<div class=\"elementor-widget-wrap elementor-element-populated\">\n\t\t\t\t\t\t<div class=\"elementor-element elementor-element-90bd444 elementor-widget__width-auto elementor-widget elementor-widget-contact_modal\" data-id=\"90bd444\" data-element_type=\"widget\" data-widget_type=\"contact_modal.default\">\n\t\t\t\t<div class=\"elementor-widget-container\">\n\t\t\t        <a href=\"#\" class=\"tbtn cf_btn\"><i class=\"fas fa-caret-right\"><\/i><span>Send Message<\/span><\/a>\n        <!--contact-form-wrap -->   \n        <!-- <div class=\"contact-form-wrap\">\n            <div class=\"contact-form-container\">\n                <div class=\"contact-form-main fl-wrap\">\n                    <div class=\"contact-form-header\">\n                        <h4><\/h4>\n                        <span class=\"close-contact-form\"><i class=\"fal fa-times\"><\/i><\/span>\n                    <\/div>\n                    <div class=\"contact-form7\">\n<div class=\"wpcf7 no-js\" id=\"wpcf7-f8484-o1\" lang=\"en-US\" dir=\"ltr\" data-wpcf7-id=\"8484\">\n<div class=\"screen-reader-response\"><p role=\"status\" aria-live=\"polite\" aria-atomic=\"true\"><\/p> <ul><\/ul><\/div>\n<form action=\"\/en\/wp-json\/wp\/v2\/pages\/8459#wpcf7-f8484-o1\" method=\"post\" class=\"wpcf7-form init\" aria-label=\"Contact form\" novalidate=\"novalidate\" data-status=\"init\">\n<div style=\"display: none;\">\n<input type=\"hidden\" name=\"_wpcf7\" value=\"8484\" \/>\n<input type=\"hidden\" name=\"_wpcf7_version\" value=\"6.0.5\" \/>\n<input type=\"hidden\" name=\"_wpcf7_locale\" value=\"en_US\" \/>\n<input type=\"hidden\" name=\"_wpcf7_unit_tag\" value=\"wpcf7-f8484-o1\" \/>\n<input type=\"hidden\" name=\"_wpcf7_container_post\" value=\"0\" \/>\n<input type=\"hidden\" name=\"_wpcf7_posted_data_hash\" value=\"\" \/>\n<\/div>\n<div class=\"contact-form-holder custom-form\">\n\t<div class=\"hasIcon\">\n\t\t<p><label>Adn\u0131z Soy Ad\u0131n\u0131z*<\/label><span class=\"wpcf7-form-control-wrap\" data-name=\"your-name\"><input size=\"40\" maxlength=\"400\" class=\"wpcf7-form-control wpcf7-text wpcf7-validates-as-required has-icon\" aria-required=\"true\" aria-invalid=\"false\" placeholder=\"Ad\u0131n\u0131z *\" value=\"\" type=\"text\" name=\"your-name\" \/><\/span>\n\t\t<\/p>\n\t<\/div>\n\t<div class=\"hasIcon\">\n\t\t<p><label>Email*<\/label><span class=\"wpcf7-form-control-wrap\" data-name=\"your-email\"><input size=\"40\" maxlength=\"400\" class=\"wpcf7-form-control wpcf7-email wpcf7-validates-as-required wpcf7-text wpcf7-validates-as-email has-icon\" aria-required=\"true\" aria-invalid=\"false\" placeholder=\"Email *\" value=\"\" type=\"email\" name=\"your-email\" \/><\/span>\n\t\t<\/p>\n\t<\/div>\n\t<div class=\"form-control-wrap\">\n\t\t<p><label>Konu*<\/label>\n\t\t<\/p>\n\t<\/div>\n\t<div class=\"form-control-wrap\">\n\t\t<p><label>Telefon*<\/label>\n\t\t<\/p>\n\t<\/div>\n\t<p><label>Mesaj\u0131n\u0131z*<\/label>\n\t<\/p>\n<\/div>\n<p><input class=\"wpcf7-form-control wpcf7-submit has-spinner tbtn hvcolor\" type=\"submit\" value=\"G\u00f6nder\" \/>\n<\/p><div class=\"wpcf7-response-output\" aria-hidden=\"true\"><\/div>\n<\/form>\n<\/div>\n<\/div>                 \n                <\/div>\n            <\/div>\n            <div class=\"contact-form-overlay\"><\/div>\n        <\/div> -->\n        <!--contact-form-wrap end-->    \n\n        \t\t<\/div>\n\t\t\t\t<\/div>\n\t\t\t\t\t<\/div>\n\t\t<\/div>\n\t\t\t\t<div class=\"elementor-column elementor-col-50 elementor-top-column elementor-element elementor-element-50c688b\" data-id=\"50c688b\" data-element_type=\"column\">\n\t\t\t<div class=\"elementor-widget-wrap elementor-element-populated\">\n\t\t\t\t\t\t<div class=\"elementor-element elementor-element-7b66cae elementor-widget__width-auto elementor-widget-mobile__width-inherit elementor-widget elementor-widget-our_socials\" data-id=\"7b66cae\" data-element_type=\"widget\" data-widget_type=\"our_socials.default\">\n\t\t\t\t<div class=\"elementor-widget-container\">\n\t\t\t        <div class=\"contact-social flex-items-center socials-st1\">\n            <span class=\"cs-title\">Follow Us<\/span>             \n            <ul class=\"socials-ul list-unstyled m-0 p-0\">\n                                    <li><a href=\"https:\/\/facebook.com\" target=\"_blank\"><i class=\"fab fa-facebook-f\"><\/i><\/a><\/li>\n                                        <li><a href=\"https:\/\/www.instagram.com\/\" target=\"_blank\"><i class=\"fab fa-instagram\"><\/i><\/a><\/li>\n                                <\/ul>\n                    <\/div>\n        \t\t<\/div>\n\t\t\t\t<\/div>\n\t\t\t\t\t<\/div>\n\t\t<\/div>\n\t\t\t\t\t<\/div>\n\t\t<\/section>\n\t\t\t\t<section class=\"elementor-section elementor-top-section elementor-element elementor-element-5f38d8f gray-bg pad-top-30 pb-50 elementor-section-boxed elementor-section-height-default elementor-section-height-default\" data-id=\"5f38d8f\" data-element_type=\"section\">\n\t\t\t\t\t\t<div class=\"elementor-container elementor-column-gap-default\">\n\t\t\t\t\t<div class=\"elementor-column elementor-col-100 elementor-top-column elementor-element elementor-element-491631d\" data-id=\"491631d\" data-element_type=\"column\">\n\t\t\t<div class=\"elementor-widget-wrap elementor-element-populated\">\n\t\t\t\t\t\t<div class=\"elementor-element elementor-element-222b6e6 elementor-widget elementor-widget-heading\" data-id=\"222b6e6\" data-element_type=\"widget\" data-widget_type=\"heading.default\">\n\t\t\t\t<div class=\"elementor-widget-container\">\n\t\t\t<style>\/*! elementor - v3.20.0 - 10-04-2024 *\/\n.elementor-heading-title{padding:0;margin:0;line-height:1}.elementor-widget-heading .elementor-heading-title[class*=elementor-size-]>a{color:inherit;font-size:inherit;line-height:inherit}.elementor-widget-heading .elementor-heading-title.elementor-size-small{font-size:15px}.elementor-widget-heading .elementor-heading-title.elementor-size-medium{font-size:19px}.elementor-widget-heading .elementor-heading-title.elementor-size-large{font-size:29px}.elementor-widget-heading .elementor-heading-title.elementor-size-xl{font-size:39px}.elementor-widget-heading .elementor-heading-title.elementor-size-xxl{font-size:59px}<\/style><h3 class=\"elementor-heading-title elementor-size-default\">Office Location:<\/h3>\t\t<\/div>\n\t\t\t\t<\/div>\n\t\t\t\t<div class=\"elementor-element elementor-element-ec4e34e elementor-widget elementor-widget-google_map\" data-id=\"ec4e34e\" data-element_type=\"widget\" data-widget_type=\"google_map.default\">\n\t\t\t\t<div class=\"elementor-widget-container\">\n\t\t\t        <div class=\"map-container mapC_vis\">\n            <div id=\"singleMap69f560c1bfc3c\" class=\"singleMap singleMap-osm\" data-lat=\"39.832973748536034\" data-lng=\"32.7496658306823\" data-loc=\"Ahlatl\u0131bel, 1907\/1. Sk. No:20, 06805 \u00c7ankaya\/Ankara Bahad\u0131r Grup\" data-zoom=\"14\"><\/div>\n                    <\/div>\n        \t\t<\/div>\n\t\t\t\t<\/div>\n\t\t\t\t\t<\/div>\n\t\t<\/div>\n\t\t\t\t\t<\/div>\n\t\t<\/section>\n\t\t\t\t<\/div>","protected":false},"excerpt":{"rendered":"<p>01 E-mail<\/p>","protected":false},"author":1,"featured_media":0,"parent":0,"menu_order":0,"comment_status":"closed","ping_status":"closed","template":"page-full.php","meta":{"footnotes":""},"class_list":["post-8459","page","type-page","status-publish","hentry"],"aioseo_notices":[],"_links":{"self":[{"href":"https:\/\/www.bahadirgrup.com.tr\/en\/wp-json\/wp\/v2\/pages\/8459","targetHints":{"allow":["GET"]}}],"collection":[{"href":"https:\/\/www.bahadirgrup.com.tr\/en\/wp-json\/wp\/v2\/pages"}],"about":[{"href":"https:\/\/www.bahadirgrup.com.tr\/en\/wp-json\/wp\/v2\/types\/page"}],"author":[{"embeddable":true,"href":"https:\/\/www.bahadirgrup.com.tr\/en\/wp-json\/wp\/v2\/users\/1"}],"replies":[{"embeddable":true,"href":"https:\/\/www.bahadirgrup.com.tr\/en\/wp-json\/wp\/v2\/comments?post=8459"}],"version-history":[{"count":3,"href":"https:\/\/www.bahadirgrup.com.tr\/en\/wp-json\/wp\/v2\/pages\/8459\/revisions"}],"predecessor-version":[{"id":14452,"href":"https:\/\/www.bahadirgrup.com.tr\/en\/wp-json\/wp\/v2\/pages\/8459\/revisions\/14452"}],"wp:attachment":[{"href":"https:\/\/www.bahadirgrup.com.tr\/en\/wp-json\/wp\/v2\/media?parent=8459"}],"curies":[{"name":"wp","href":"https:\/\/api.w.org\/{rel}","templated":true}]}}