{"id":11626,"date":"2023-02-14T15:23:25","date_gmt":"2023-02-14T12:23:25","guid":{"rendered":"https:\/\/www.bahadirgrup.com.tr\/?page_id=11626"},"modified":"2025-01-28T14:39:33","modified_gmt":"2025-01-28T11:39:33","slug":"yonetim-kurulu-baskani-suvar-bahadir","status":"publish","type":"page","link":"https:\/\/www.bahadirgrup.com.tr\/en\/yonetim-kurulu\/yonetim-kurulu-baskani-suvar-bahadir\/","title":{"rendered":"Our Board of Directors Chairman, Suvar Bahad\u0131r"},"content":{"rendered":"<div data-elementor-type=\"wp-post\" data-elementor-id=\"11626\" class=\"elementor elementor-11626\" data-elementor-post-type=\"page\">\n\t\t\t\t<div class=\"elementor-element elementor-element-1f06678 e-flex e-con-boxed e-con e-parent\" data-id=\"1f06678\" data-element_type=\"container\" data-core-v316-plus=\"true\">\n\t\t\t\t\t<div class=\"e-con-inner\">\n\t\t<div class=\"elementor-element elementor-element-9c736e4 e-con-full e-flex e-con e-child\" data-id=\"9c736e4\" data-element_type=\"container\">\n\t\t\t\t<div class=\"elementor-element elementor-element-346ce62 elementor-widget elementor-widget-image\" data-id=\"346ce62\" data-element_type=\"widget\" data-widget_type=\"image.default\">\n\t\t\t\t<div class=\"elementor-widget-container\">\n\t\t\t<style>\/*! elementor - v3.20.0 - 10-04-2024 *\/\n.elementor-widget-image{text-align:center}.elementor-widget-image a{display:inline-block}.elementor-widget-image a img[src$=\".svg\"]{width:48px}.elementor-widget-image img{vertical-align:middle;display:inline-block}<\/style>\t\t\t\t\t\t\t\t\t\t<img fetchpriority=\"high\" decoding=\"async\" width=\"1200\" height=\"1200\" src=\"https:\/\/www.bahadirgrup.com.tr\/wp-content\/uploads\/2025\/01\/1d05792c-4fcb-470d-b958-56a517a85ac9.jpeg\" class=\"attachment-full size-full wp-image-14152\" alt=\"\" srcset=\"https:\/\/www.bahadirgrup.com.tr\/wp-content\/uploads\/2025\/01\/1d05792c-4fcb-470d-b958-56a517a85ac9.jpeg 1200w, https:\/\/www.bahadirgrup.com.tr\/wp-content\/uploads\/2025\/01\/1d05792c-4fcb-470d-b958-56a517a85ac9-300x300.jpeg 300w, https:\/\/www.bahadirgrup.com.tr\/wp-content\/uploads\/2025\/01\/1d05792c-4fcb-470d-b958-56a517a85ac9-1024x1024.jpeg 1024w, https:\/\/www.bahadirgrup.com.tr\/wp-content\/uploads\/2025\/01\/1d05792c-4fcb-470d-b958-56a517a85ac9-150x150.jpeg 150w, https:\/\/www.bahadirgrup.com.tr\/wp-content\/uploads\/2025\/01\/1d05792c-4fcb-470d-b958-56a517a85ac9-768x768.jpeg 768w, https:\/\/www.bahadirgrup.com.tr\/wp-content\/uploads\/2025\/01\/1d05792c-4fcb-470d-b958-56a517a85ac9-12x12.jpeg 12w, https:\/\/www.bahadirgrup.com.tr\/wp-content\/uploads\/2025\/01\/1d05792c-4fcb-470d-b958-56a517a85ac9-650x650.jpeg 650w, https:\/\/www.bahadirgrup.com.tr\/wp-content\/uploads\/2025\/01\/1d05792c-4fcb-470d-b958-56a517a85ac9-201x201.jpeg 201w, https:\/\/www.bahadirgrup.com.tr\/wp-content\/uploads\/2025\/01\/1d05792c-4fcb-470d-b958-56a517a85ac9-402x402.jpeg 402w, https:\/\/www.bahadirgrup.com.tr\/wp-content\/uploads\/2025\/01\/1d05792c-4fcb-470d-b958-56a517a85ac9-350x350.jpeg 350w, https:\/\/www.bahadirgrup.com.tr\/wp-content\/uploads\/2025\/01\/1d05792c-4fcb-470d-b958-56a517a85ac9-450x450.jpeg 450w, https:\/\/www.bahadirgrup.com.tr\/wp-content\/uploads\/2025\/01\/1d05792c-4fcb-470d-b958-56a517a85ac9-548x548.jpeg 548w, https:\/\/www.bahadirgrup.com.tr\/wp-content\/uploads\/2025\/01\/1d05792c-4fcb-470d-b958-56a517a85ac9-285x285.jpeg 285w, https:\/\/www.bahadirgrup.com.tr\/wp-content\/uploads\/2025\/01\/1d05792c-4fcb-470d-b958-56a517a85ac9-100x100.jpeg 100w\" sizes=\"(max-width: 1200px) 100vw, 1200px\" \/>\t\t\t\t\t\t\t\t\t\t\t\t\t<\/div>\n\t\t\t\t<\/div>\n\t\t\t\t<div class=\"elementor-element elementor-element-924fe9b elementor-widget elementor-widget-text-editor\" data-id=\"924fe9b\" data-element_type=\"widget\" data-widget_type=\"text-editor.default\">\n\t\t\t\t<div class=\"elementor-widget-container\">\n\t\t\t<style>\/*! elementor - v3.20.0 - 10-04-2024 *\/\n.elementor-widget-text-editor.elementor-drop-cap-view-stacked .elementor-drop-cap{background-color:#69727d;color:#fff}.elementor-widget-text-editor.elementor-drop-cap-view-framed .elementor-drop-cap{color:#69727d;border:3px solid;background-color:transparent}.elementor-widget-text-editor:not(.elementor-drop-cap-view-default) .elementor-drop-cap{margin-top:8px}.elementor-widget-text-editor:not(.elementor-drop-cap-view-default) .elementor-drop-cap-letter{width:1em;height:1em}.elementor-widget-text-editor .elementor-drop-cap{float:left;text-align:center;line-height:1;font-size:50px}.elementor-widget-text-editor .elementor-drop-cap-letter{display:inline-block}<\/style>\t\t\t\t<h5>Suvar Bahad\u0131r<\/h5>\n1975 Siverek do\u011fumludur. Maden m\u00fchendisi olup, Bahad\u0131r \u015eirketler Grubu Y\u00f6netim Kurulu Ba\u015fkanl\u0131\u011f\u0131 g\u00f6revine devam etmektedir.\t\t\t\t\t\t<\/div>\n\t\t\t\t<\/div>\n\t\t\t\t<\/div>\n\t\t<div class=\"elementor-element elementor-element-c2ae3c8 e-con-full e-flex e-con e-child\" data-id=\"c2ae3c8\" data-element_type=\"container\">\n\t\t<div class=\"elementor-element elementor-element-20e176f e-flex e-con-boxed e-con e-child\" data-id=\"20e176f\" data-element_type=\"container\">\n\t\t\t\t\t<div class=\"e-con-inner\">\n\t\t\t\t<div class=\"elementor-element elementor-element-fbb8fc4 elementor-widget elementor-widget-heading\" data-id=\"fbb8fc4\" data-element_type=\"widget\" data-widget_type=\"heading.default\">\n\t\t\t\t<div class=\"elementor-widget-container\">\n\t\t\t<style>\/*! elementor - v3.20.0 - 10-04-2024 *\/\n.elementor-heading-title{padding:0;margin:0;line-height:1}.elementor-widget-heading .elementor-heading-title[class*=elementor-size-]>a{color:inherit;font-size:inherit;line-height:inherit}.elementor-widget-heading .elementor-heading-title.elementor-size-small{font-size:15px}.elementor-widget-heading .elementor-heading-title.elementor-size-medium{font-size:19px}.elementor-widget-heading .elementor-heading-title.elementor-size-large{font-size:29px}.elementor-widget-heading .elementor-heading-title.elementor-size-xl{font-size:39px}.elementor-widget-heading .elementor-heading-title.elementor-size-xxl{font-size:59px}<\/style><h2 class=\"elementor-heading-title elementor-size-default\">Message from Our Board of Directors Chairman<\/h2>\t\t<\/div>\n\t\t\t\t<\/div>\n\t\t\t\t\t<\/div>\n\t\t\t\t<\/div>\n\t\t<div class=\"elementor-element elementor-element-f3e37e2 e-flex e-con-boxed e-con e-child\" data-id=\"f3e37e2\" data-element_type=\"container\">\n\t\t\t\t\t<div class=\"e-con-inner\">\n\t\t\t\t<div class=\"elementor-element elementor-element-332eacb elementor-widget elementor-widget-text-editor\" data-id=\"332eacb\" data-element_type=\"widget\" data-widget_type=\"text-editor.default\">\n\t\t\t\t<div class=\"elementor-widget-container\">\n\t\t\t\t\t\t\t<p class=\"s4\"><span class=\"s5\"><span class=\"bumpedFont17\">As Bahad\u0131r Group of Companies, since the first day of our establishment, we have been building trust and stability, adding value to the employment and development of our country, guided by our principles and experiences.<\/span><\/span><\/p><p class=\"s4 translation-block\">For 44 years, we take great pride in implementing numerous projects in the transportation, energy, mining, infrastructure, and construction sectors with a leadership-driven approach; we are also excited about the projects we continue to carry out with great dedication.<\/p><p class=\"s6 translation-block\">In these days when we, as Bahad\u0131r Group, are excited about our concrete road project, which is a first in Turkey; we take great pride in starting and continuing the construction of the concrete road along the \u015e\u0131rnak Cizre \u2013 Oyal\u0131 Junction, \u0130pekyolu route. By procuring state-of-the-art machinery and equipment from abroad, we have specialized in the construction of our project and are working diligently to bring the first concrete road construction in our country to Cizre. As Bahad\u0131r Group, we are implementing a high-standard road construction by using modern construction techniques and quality materials in the project. In the scope of road construction activities, we aim to provide the highest standards of service to the region and strengthen the transportation infrastructure.<\/p><p class=\"s6 translation-block\">The construction work for 210 shops in the G\u0130MAT commercial site, Phase 1, Zone 1, located in the Saray neighborhood of Kahramankazan district, Ankara, which is tendered by the Toplu Konut \u0130daresi Ba\u015fkanl\u0131\u011f\u0131, is progressing at full speed. Upon completion of our project, we will have succeeded in increasing the trade capacity of the region and providing a modern commercial area to the business world.<\/p><p class=\"s7 translation-block\">The O\u011fuzeli district, one of the developing districts of Gaziantep, is undergoing a significant transformation thanks to the efforts of our company. Our company has initiated the construction of 346 housing units and 1 commercial center with 3 shops, along with infrastructure and landscaping works.<\/p><p class=\"s7 translation-block\">Our group, which follows innovations in the world and our country, has undertaken the construction of the connection roads to Filyos, the point where the Black Sea natural gas reaches the shore, which is one of the most prestigious projects in our country. The project is nearing completion. Within the scope of this project, the connection road to Filyos Port has reached the completion phase.<\/p><p class=\"s4 translation-block\">Once again, our work continues rapidly in the road construction that connects Siirt Province with Pervari District, one of the important axes of our country's road network, through viaducts, bridges, underpasses and overpasses, structures, and connection roads.<\/p><p class=\"s4\"><span class=\"s5\"><span class=\"bumpedFont17\">Additionally, the construction of the 61+766 km road connecting \u015eanl\u0131urfa Ceylanp\u0131nar and Mardin K\u0131z\u0131ltepe districts, along with the 7 km ring road, has reached the completion phase.<\/span><\/span><\/p><p class=\"s4 translation-block\">The construction of the drinking water and transmission lines in \u015eanl\u0131urfa Suru\u00e7 District is progressing rapidly, and thus our esteemed city will soon have access to clean drinking water that has undergone treatment.<\/p><p class=\"s4 translation-block\">In the field of energy, Solar Power Plants (GES), Wind Power Plants (RES), and Hydroelectric Power Plants (HES) activities are ongoing, and at the same time, our Solar Power Plant (GES) established in Sivrihisar, Eski\u015fehir has been commissioned, completing the national grid connection and starting energy production.<\/p><p class=\"s4\"><span class=\"s5\"><span class=\"bumpedFont17\">I sincerely thank our business partners, managers, team members, and all stakeholders who support us, believing that together we will achieve great successes.<\/span><\/span><\/p><p class=\"s4 translation-block\">As Bahad\u0131r Group of Companies, I firmly believe that with a professional perspective every new day; tirelessly, with great confidence, and with a leadership-driven and principled approach, we will always achieve even greater successes.<\/p><p class=\"s8\" style=\"text-align: right;\"><span class=\"s5\"><span class=\"bumpedFont17\">Sincerely,\u00a0<\/span><\/span><\/p><p class=\"s8\" style=\"text-align: right;\"><strong><span class=\"s5\"><span class=\"bumpedFont17\">Suvar BAHADIR<\/span><\/span><\/strong><\/p><p class=\"s8\" style=\"text-align: right;\"><strong><span class=\"s5\"><span class=\"bumpedFont17\">Our Board of Directors Chairman<\/span><\/span><\/strong><\/p>\t\t\t\t\t\t<\/div>\n\t\t\t\t<\/div>\n\t\t\t\t\t<\/div>\n\t\t\t\t<\/div>\n\t\t\t\t<\/div>\n\t\t\t\t\t<\/div>\n\t\t\t\t<\/div>\n\t\t\t\t<\/div>","protected":false},"excerpt":{"rendered":"<p>Suvar Bahad\u0131r 1975 Siverek do\u011fumludur. Maden m\u00fchendisi olup, Bahad\u0131r \u015eirketler Grubu Y\u00f6netim Kurulu Ba\u015fkanl\u0131\u011f\u0131 g\u00f6revine devam etmektedir. Y\u00d6NET\u0130M KURULU BA\u015eKANIMIZIN MESAJI Bahad\u0131r \u015eirketler Grubu olarak; kurulu\u015fumuzun ilk g\u00fcn\u00fcnden bu yana, ilke ve tecr\u00fcbelerimiz \u0131\u015f\u0131\u011f\u0131nda, \u00fclkemizin istihdam ve kalk\u0131nmas\u0131na sa\u011flad\u0131\u011f\u0131m\u0131z katma de\u011ferimizle, ba\u015fta g\u00fcven ve istikrar in\u015fa ediyoruz. 44 y\u0131ld\u0131r ula\u015f\u0131m, enerji, madencilik, alt yap\u0131 ve in\u015faat sekt\u00f6r\u00fcndeki bir\u00e7ok projeyi lider bir anlay\u0131\u015fla hayata ge\u00e7irmenin hakl\u0131 gururunu ya\u015fad\u0131\u011f\u0131m\u0131z\u00a0\u015fu g\u00fcnlerde, b\u00fcy\u00fck bir \u00f6zveri ile devam ettirdi\u011fimiz\u00a0projelerimizin\u00a0de\u00a0heyecan\u0131n\u0131\u00a0ta\u015f\u0131maktay\u0131z. T\u00fcrkiye\u2019de bir ilk olan beton yol projemizin Bahad\u0131r Grup olarak heyecan\u0131n\u0131 duydu\u011fumuz \u015fu g\u00fcnlerde;\u00a0\u015e\u0131rnak Cizre\u00a0\u2013 Oyal\u0131 Ayr\u0131m\u0131, \u0130pekyolu\u00a0g\u00fczergah\u0131\u00a0beton yol yap\u0131m i\u015fini lay\u0131k\u0131yla\u00a0ba\u015flaman\u0131n ve s\u00fcrd\u00fcrecek olman\u0131n\u00a0hakl\u0131 gururunu ya\u015f\u0131yoruz. Yurt d\u0131\u015f\u0131ndan son teknoloji\u00a0makine ve\u00a0ekipmanlar\u0131\u00a0temin ederek projemizin yap\u0131m\u0131na \u00f6zg\u00fclemi\u015f ve t\u00fcm gayretimizle \u00fclkemizde ilk olan beton yol yap\u0131m\u0131n\u0131 Cizre\u2019mize\u00a0kazand\u0131rmak i\u00e7in yo\u011fun emekler\u00a0ile\u00a0\u00e7al\u0131\u015fmam\u0131z\u0131 s\u00fcrd\u00fcrmekteyiz.\u00a0Bahad\u0131r Grup olarak, projede modern in\u015faat tekniklerini ve kaliteli malzemeleri kullanarak, y\u00fcksek standartlarda bir yol in\u015faat\u0131 ger\u00e7ekle\u015ftiriyoruz. Yol yap\u0131m \u00e7al\u0131\u015fmalar\u0131 kapsam\u0131nda, b\u00f6lgeye en y\u00fcksek standartlarda hizmet sunmay\u0131 [&hellip;]<\/p>","protected":false},"author":1,"featured_media":0,"parent":11621,"menu_order":0,"comment_status":"closed","ping_status":"closed","template":"elementor_header_footer","meta":{"footnotes":""},"class_list":["post-11626","page","type-page","status-publish","hentry"],"aioseo_notices":[],"_links":{"self":[{"href":"https:\/\/www.bahadirgrup.com.tr\/en\/wp-json\/wp\/v2\/pages\/11626","targetHints":{"allow":["GET"]}}],"collection":[{"href":"https:\/\/www.bahadirgrup.com.tr\/en\/wp-json\/wp\/v2\/pages"}],"about":[{"href":"https:\/\/www.bahadirgrup.com.tr\/en\/wp-json\/wp\/v2\/types\/page"}],"author":[{"embeddable":true,"href":"https:\/\/www.bahadirgrup.com.tr\/en\/wp-json\/wp\/v2\/users\/1"}],"replies":[{"embeddable":true,"href":"https:\/\/www.bahadirgrup.com.tr\/en\/wp-json\/wp\/v2\/comments?post=11626"}],"version-history":[{"count":0,"href":"https:\/\/www.bahadirgrup.com.tr\/en\/wp-json\/wp\/v2\/pages\/11626\/revisions"}],"up":[{"embeddable":true,"href":"https:\/\/www.bahadirgrup.com.tr\/en\/wp-json\/wp\/v2\/pages\/11621"}],"wp:attachment":[{"href":"https:\/\/www.bahadirgrup.com.tr\/en\/wp-json\/wp\/v2\/media?parent=11626"}],"curies":[{"name":"wp","href":"https:\/\/api.w.org\/{rel}","templated":true}]}}