{"id":11621,"date":"2023-02-14T15:19:16","date_gmt":"2023-02-14T12:19:16","guid":{"rendered":"https:\/\/www.bahadirgrup.com.tr\/?page_id=11621"},"modified":"2023-02-14T16:51:48","modified_gmt":"2023-02-14T13:51:48","slug":"yonetim-kurulu","status":"publish","type":"page","link":"https:\/\/www.bahadirgrup.com.tr\/en\/yonetim-kurulu\/","title":{"rendered":"Y\u00f6netim Kurulu"},"content":{"rendered":"<div data-elementor-type=\"wp-page\" data-elementor-id=\"11621\" class=\"elementor elementor-11621\" data-elementor-post-type=\"page\">\n\t\t\t\t\t\t<section class=\"elementor-section elementor-top-section elementor-element elementor-element-04cb9dc elementor-section-boxed elementor-section-height-default elementor-section-height-default\" data-id=\"04cb9dc\" data-element_type=\"section\">\n\t\t\t\t\t\t<div class=\"elementor-container elementor-column-gap-default\">\n\t\t\t\t\t<div class=\"elementor-column elementor-col-33 elementor-top-column elementor-element elementor-element-6a48b12\" data-id=\"6a48b12\" data-element_type=\"column\">\n\t\t\t<div class=\"elementor-widget-wrap elementor-element-populated\">\n\t\t\t\t\t\t<div class=\"elementor-element elementor-element-f861d34 elementor-widget elementor-widget-cthbutton\" data-id=\"f861d34\" data-element_type=\"widget\" data-widget_type=\"cthbutton.default\">\n\t\t\t\t<div class=\"elementor-widget-container\">\n\t\t\t \n            <a href=\"https:\/\/www.bahadirgrup.com.tr\/yonetim-kurulu\/onursal-baskanimiz-yunus-bahadir\/\"  class=\"tbtn tbtn normal-bg normal-btn normal normalw-btn icon-left btn-no-text-no\"><span>ONURSAL BA\u015eKANIMIZ YUNUS BAHADIR<\/span><\/a>\n        \t\t<\/div>\n\t\t\t\t<\/div>\n\t\t\t\t\t<\/div>\n\t\t<\/div>\n\t\t\t\t<div class=\"elementor-column elementor-col-33 elementor-top-column elementor-element elementor-element-c91819a\" data-id=\"c91819a\" data-element_type=\"column\">\n\t\t\t<div class=\"elementor-widget-wrap elementor-element-populated\">\n\t\t\t\t\t\t<div class=\"elementor-element elementor-element-a740da0 elementor-widget elementor-widget-cthbutton\" data-id=\"a740da0\" data-element_type=\"widget\" data-widget_type=\"cthbutton.default\">\n\t\t\t\t<div class=\"elementor-widget-container\">\n\t\t\t \n            <a href=\"https:\/\/www.bahadirgrup.com.tr\/yonetim-kurulu\/yonetim-kurulu-baskani-suvar-bahadir\/\"  class=\"tbtn tbtn normal-bg normal-btn normal normalw-btn icon-left btn-no-text-no\"><span>Y\u00d6NET\u0130M KURULU BA\u015eKANI SUVAR BAHADIR<\/span><\/a>\n        \t\t<\/div>\n\t\t\t\t<\/div>\n\t\t\t\t\t<\/div>\n\t\t<\/div>\n\t\t\t\t<div class=\"elementor-column elementor-col-33 elementor-top-column elementor-element elementor-element-bc2bd43\" data-id=\"bc2bd43\" data-element_type=\"column\">\n\t\t\t<div class=\"elementor-widget-wrap elementor-element-populated\">\n\t\t\t\t\t\t<div class=\"elementor-element elementor-element-522076c elementor-widget elementor-widget-cthbutton\" data-id=\"522076c\" data-element_type=\"widget\" data-widget_type=\"cthbutton.default\">\n\t\t\t\t<div class=\"elementor-widget-container\">\n\t\t\t \n            <a href=\"https:\/\/www.bahadirgrup.com.tr\/yonetim-kurulu\/yonetim-kurulu-baskan-yardimcisi-serhat-bahadir\/\"  class=\"tbtn tbtn normal-bg normal-btn normal normalw-btn icon-left btn-no-text-no\"><span>Y\u00d6NET\u0130M KURULU BA\u015eKAN YARDIMCISI SERHAT BAHADIR<\/span><\/a>\n        \t\t<\/div>\n\t\t\t\t<\/div>\n\t\t\t\t\t<\/div>\n\t\t<\/div>\n\t\t\t\t\t<\/div>\n\t\t<\/section>\n\t\t\t\t<\/div>","protected":false},"excerpt":{"rendered":"<p>ONURSAL BA\u015eKANIMIZ YUNUS BAHADIR Y\u00d6NET\u0130M KURULU BA\u015eKANI SUVAR BAHADIR Y\u00d6NET\u0130M KURULU BA\u015eKAN YARDIMCISI SERHAT BAHADIR<\/p>","protected":false},"author":1,"featured_media":0,"parent":0,"menu_order":0,"comment_status":"closed","ping_status":"closed","template":"","meta":{"footnotes":""},"class_list":["post-11621","page","type-page","status-publish","hentry"],"aioseo_notices":[],"_links":{"self":[{"href":"https:\/\/www.bahadirgrup.com.tr\/en\/wp-json\/wp\/v2\/pages\/11621","targetHints":{"allow":["GET"]}}],"collection":[{"href":"https:\/\/www.bahadirgrup.com.tr\/en\/wp-json\/wp\/v2\/pages"}],"about":[{"href":"https:\/\/www.bahadirgrup.com.tr\/en\/wp-json\/wp\/v2\/types\/page"}],"author":[{"embeddable":true,"href":"https:\/\/www.bahadirgrup.com.tr\/en\/wp-json\/wp\/v2\/users\/1"}],"replies":[{"embeddable":true,"href":"https:\/\/www.bahadirgrup.com.tr\/en\/wp-json\/wp\/v2\/comments?post=11621"}],"version-history":[{"count":0,"href":"https:\/\/www.bahadirgrup.com.tr\/en\/wp-json\/wp\/v2\/pages\/11621\/revisions"}],"wp:attachment":[{"href":"https:\/\/www.bahadirgrup.com.tr\/en\/wp-json\/wp\/v2\/media?parent=11621"}],"curies":[{"name":"wp","href":"https:\/\/api.w.org\/{rel}","templated":true}]}}